{"id":8152,"date":"2026-02-19T02:19:17","date_gmt":"2026-02-19T05:19:17","guid":{"rendered":"https:\/\/executestep.com\/?page_id=8152"},"modified":"2026-02-24T02:58:58","modified_gmt":"2026-02-24T05:58:58","slug":"contato","status":"publish","type":"page","link":"https:\/\/executestep.com\/pt-br\/contato\/","title":{"rendered":"Contato"},"content":{"rendered":"\n<div class=\"wpcf7 no-js\" id=\"wpcf7-f8022-o1\" lang=\"pt-BR\" dir=\"ltr\" data-wpcf7-id=\"8022\">\n<div class=\"screen-reader-response\"><p role=\"status\" aria-live=\"polite\" aria-atomic=\"true\"><\/p> <ul><\/ul><\/div>\n<form action=\"\/pt-br\/wp-json\/wp\/v2\/pages\/8152#wpcf7-f8022-o1\" method=\"post\" class=\"wpcf7-form init\" aria-label=\"Formul\u00e1rios de contato\" novalidate=\"novalidate\" data-status=\"init\">\n<fieldset class=\"hidden-fields-container\"><input type=\"hidden\" name=\"_wpcf7\" value=\"8022\" \/><input type=\"hidden\" name=\"_wpcf7_version\" value=\"6.1.5\" \/><input type=\"hidden\" name=\"_wpcf7_locale\" value=\"pt_BR\" \/><input type=\"hidden\" name=\"_wpcf7_unit_tag\" value=\"wpcf7-f8022-o1\" \/><input type=\"hidden\" name=\"_wpcf7_container_post\" value=\"0\" \/><input type=\"hidden\" name=\"_wpcf7_posted_data_hash\" value=\"\" \/>\n<\/fieldset>\n<p><label> Your name<br \/>\n<span class=\"wpcf7-form-control-wrap\" data-name=\"your-name\"><input size=\"40\" maxlength=\"400\" class=\"wpcf7-form-control wpcf7-text wpcf7-validates-as-required\" autocomplete=\"name\" aria-required=\"true\" aria-invalid=\"false\" value=\"\" type=\"text\" name=\"your-name\" \/><\/span> <\/label>\n<\/p>\n<p><label> Your email<br \/>\n<span class=\"wpcf7-form-control-wrap\" data-name=\"your-email\"><input size=\"40\" maxlength=\"400\" class=\"wpcf7-form-control wpcf7-email wpcf7-validates-as-required wpcf7-text wpcf7-validates-as-email\" autocomplete=\"email\" aria-required=\"true\" aria-invalid=\"false\" value=\"\" type=\"email\" name=\"your-email\" \/><\/span> <\/label>\n<\/p>\n<p><label> Subject<br \/>\n<span class=\"wpcf7-form-control-wrap\" data-name=\"your-subject\"><input size=\"40\" maxlength=\"400\" class=\"wpcf7-form-control wpcf7-text wpcf7-validates-as-required\" aria-required=\"true\" aria-invalid=\"false\" value=\"\" type=\"text\" name=\"your-subject\" \/><\/span> <\/label>\n<\/p>\n<p><label> Your message (optional)<br \/>\n<span class=\"wpcf7-form-control-wrap\" data-name=\"your-message\"><textarea cols=\"40\" rows=\"10\" maxlength=\"2000\" class=\"wpcf7-form-control wpcf7-textarea\" aria-invalid=\"false\" name=\"your-message\"><\/textarea><\/span> <\/label>\n<\/p>\n<p><input class=\"wpcf7-form-control wpcf7-submit has-spinner\" type=\"submit\" value=\"Submit\" \/>\n<\/p><p style=\"display: none !important;\" class=\"akismet-fields-container\" data-prefix=\"_wpcf7_ak_\"><label>&#916;<textarea name=\"_wpcf7_ak_hp_textarea\" cols=\"45\" rows=\"8\" maxlength=\"100\"><\/textarea><\/label><input type=\"hidden\" id=\"ak_js_1\" name=\"_wpcf7_ak_js\" value=\"218\"\/><script>document.getElementById( \"ak_js_1\" ).setAttribute( \"value\", ( new Date() ).getTime() );<\/script><\/p><div class=\"wpcf7-response-output\" aria-hidden=\"true\"><\/div>\n<\/form>\n<\/div>\n\n","protected":false},"excerpt":{"rendered":"","protected":false},"author":1,"featured_media":0,"parent":0,"menu_order":0,"comment_status":"closed","ping_status":"closed","template":"","meta":{"footnotes":""},"class_list":["post-8152","page","type-page","status-publish"],"yoast_head":"<!-- This site is optimized with the Yoast SEO plugin v27.3 - https:\/\/yoast.com\/product\/yoast-seo-wordpress\/ -->\n<title>Contato | Execute Step<\/title>\n<meta name=\"description\" content=\"Entre em contato com ExecuteStep para d\u00favidas sobre tutoriais de banco de dados, sugest\u00f5es de conte\u00fado ou colabora\u00e7\u00f5es. Email: executestep@outlook.com\" \/>\n<meta name=\"robots\" content=\"index, follow, max-snippet:-1, max-image-preview:large, max-video-preview:-1\" \/>\n<link rel=\"canonical\" href=\"https:\/\/executestep.com\/pt-br\/contato\/\" \/>\n<meta property=\"og:locale\" content=\"pt_BR\" \/>\n<meta property=\"og:type\" content=\"article\" \/>\n<meta property=\"og:title\" content=\"Contato | Execute Step\" \/>\n<meta property=\"og:description\" content=\"Entre em contato com ExecuteStep para d\u00favidas sobre tutoriais de banco de dados, sugest\u00f5es de conte\u00fado ou colabora\u00e7\u00f5es. Email: executestep@outlook.com\" \/>\n<meta property=\"og:url\" content=\"https:\/\/executestep.com\/pt-br\/contato\/\" \/>\n<meta property=\"og:site_name\" content=\"Execute Step\" \/>\n<meta property=\"article:modified_time\" content=\"2026-02-24T05:58:58+00:00\" \/>\n<meta name=\"twitter:card\" content=\"summary_large_image\" \/>\n<meta name=\"twitter:label1\" content=\"Est. tempo de leitura\" \/>\n\t<meta name=\"twitter:data1\" content=\"1 minuto\" \/>\n<script type=\"application\/ld+json\" class=\"yoast-schema-graph\">{\"@context\":\"https:\\\/\\\/schema.org\",\"@graph\":[{\"@type\":\"WebPage\",\"@id\":\"https:\\\/\\\/executestep.com\\\/pt-br\\\/contato\\\/\",\"url\":\"https:\\\/\\\/executestep.com\\\/pt-br\\\/contato\\\/\",\"name\":\"Contato | Execute Step\",\"isPartOf\":{\"@id\":\"https:\\\/\\\/executestep.com\\\/pt-br\\\/#website\"},\"datePublished\":\"2026-02-19T05:19:17+00:00\",\"dateModified\":\"2026-02-24T05:58:58+00:00\",\"description\":\"Entre em contato com ExecuteStep para d\u00favidas sobre tutoriais de banco de dados, sugest\u00f5es de conte\u00fado ou colabora\u00e7\u00f5es. Email: executestep@outlook.com\",\"breadcrumb\":{\"@id\":\"https:\\\/\\\/executestep.com\\\/pt-br\\\/contato\\\/#breadcrumb\"},\"inLanguage\":\"pt-BR\",\"potentialAction\":[{\"@type\":\"ReadAction\",\"target\":[\"https:\\\/\\\/executestep.com\\\/pt-br\\\/contato\\\/\"]}]},{\"@type\":\"BreadcrumbList\",\"@id\":\"https:\\\/\\\/executestep.com\\\/pt-br\\\/contato\\\/#breadcrumb\",\"itemListElement\":[{\"@type\":\"ListItem\",\"position\":1,\"name\":\"Home\",\"item\":\"https:\\\/\\\/executestep.com\\\/pt-br\\\/\"},{\"@type\":\"ListItem\",\"position\":2,\"name\":\"Contato\"}]},{\"@type\":\"WebSite\",\"@id\":\"https:\\\/\\\/executestep.com\\\/pt-br\\\/#website\",\"url\":\"https:\\\/\\\/executestep.com\\\/pt-br\\\/\",\"name\":\"Execute Step\",\"description\":\"Execute with precision. Step by step.\",\"publisher\":{\"@id\":\"https:\\\/\\\/executestep.com\\\/pt-br\\\/#\\\/schema\\\/person\\\/7e854882e27693a21f607693465d95aa\"},\"potentialAction\":[{\"@type\":\"SearchAction\",\"target\":{\"@type\":\"EntryPoint\",\"urlTemplate\":\"https:\\\/\\\/executestep.com\\\/pt-br\\\/?s={search_term_string}\"},\"query-input\":{\"@type\":\"PropertyValueSpecification\",\"valueRequired\":true,\"valueName\":\"search_term_string\"}}],\"inLanguage\":\"pt-BR\"},{\"@type\":[\"Person\",\"Organization\"],\"@id\":\"https:\\\/\\\/executestep.com\\\/pt-br\\\/#\\\/schema\\\/person\\\/7e854882e27693a21f607693465d95aa\",\"name\":\"Henrique\",\"image\":{\"@type\":\"ImageObject\",\"inLanguage\":\"pt-BR\",\"@id\":\"https:\\\/\\\/executestep.com\\\/wp-content\\\/uploads\\\/2026\\\/02\\\/logo_autor.png\",\"url\":\"https:\\\/\\\/executestep.com\\\/wp-content\\\/uploads\\\/2026\\\/02\\\/logo_autor.png\",\"contentUrl\":\"https:\\\/\\\/executestep.com\\\/wp-content\\\/uploads\\\/2026\\\/02\\\/logo_autor.png\",\"width\":182,\"height\":173,\"caption\":\"Henrique\"},\"logo\":{\"@id\":\"https:\\\/\\\/executestep.com\\\/wp-content\\\/uploads\\\/2026\\\/02\\\/logo_autor.png\"},\"sameAs\":[\"https:\\\/\\\/executestep.com\",\"https:\\\/\\\/www.linkedin.com\\\/in\\\/henrique-soares-da-silva\\\/\",\"#\"]}]}<\/script>\n<!-- \/ Yoast SEO plugin. -->","yoast_head_json":{"title":"Contato | Execute Step","description":"Entre em contato com ExecuteStep para d\u00favidas sobre tutoriais de banco de dados, sugest\u00f5es de conte\u00fado ou colabora\u00e7\u00f5es. Email: executestep@outlook.com","robots":{"index":"index","follow":"follow","max-snippet":"max-snippet:-1","max-image-preview":"max-image-preview:large","max-video-preview":"max-video-preview:-1"},"canonical":"https:\/\/executestep.com\/pt-br\/contato\/","og_locale":"pt_BR","og_type":"article","og_title":"Contato | Execute Step","og_description":"Entre em contato com ExecuteStep para d\u00favidas sobre tutoriais de banco de dados, sugest\u00f5es de conte\u00fado ou colabora\u00e7\u00f5es. Email: executestep@outlook.com","og_url":"https:\/\/executestep.com\/pt-br\/contato\/","og_site_name":"Execute Step","article_modified_time":"2026-02-24T05:58:58+00:00","twitter_card":"summary_large_image","twitter_misc":{"Est. tempo de leitura":"1 minuto"},"schema":{"@context":"https:\/\/schema.org","@graph":[{"@type":"WebPage","@id":"https:\/\/executestep.com\/pt-br\/contato\/","url":"https:\/\/executestep.com\/pt-br\/contato\/","name":"Contato | Execute Step","isPartOf":{"@id":"https:\/\/executestep.com\/pt-br\/#website"},"datePublished":"2026-02-19T05:19:17+00:00","dateModified":"2026-02-24T05:58:58+00:00","description":"Entre em contato com ExecuteStep para d\u00favidas sobre tutoriais de banco de dados, sugest\u00f5es de conte\u00fado ou colabora\u00e7\u00f5es. Email: executestep@outlook.com","breadcrumb":{"@id":"https:\/\/executestep.com\/pt-br\/contato\/#breadcrumb"},"inLanguage":"pt-BR","potentialAction":[{"@type":"ReadAction","target":["https:\/\/executestep.com\/pt-br\/contato\/"]}]},{"@type":"BreadcrumbList","@id":"https:\/\/executestep.com\/pt-br\/contato\/#breadcrumb","itemListElement":[{"@type":"ListItem","position":1,"name":"Home","item":"https:\/\/executestep.com\/pt-br\/"},{"@type":"ListItem","position":2,"name":"Contato"}]},{"@type":"WebSite","@id":"https:\/\/executestep.com\/pt-br\/#website","url":"https:\/\/executestep.com\/pt-br\/","name":"Execute Step","description":"Execute with precision. Step by step.","publisher":{"@id":"https:\/\/executestep.com\/pt-br\/#\/schema\/person\/7e854882e27693a21f607693465d95aa"},"potentialAction":[{"@type":"SearchAction","target":{"@type":"EntryPoint","urlTemplate":"https:\/\/executestep.com\/pt-br\/?s={search_term_string}"},"query-input":{"@type":"PropertyValueSpecification","valueRequired":true,"valueName":"search_term_string"}}],"inLanguage":"pt-BR"},{"@type":["Person","Organization"],"@id":"https:\/\/executestep.com\/pt-br\/#\/schema\/person\/7e854882e27693a21f607693465d95aa","name":"Henrique","image":{"@type":"ImageObject","inLanguage":"pt-BR","@id":"https:\/\/executestep.com\/wp-content\/uploads\/2026\/02\/logo_autor.png","url":"https:\/\/executestep.com\/wp-content\/uploads\/2026\/02\/logo_autor.png","contentUrl":"https:\/\/executestep.com\/wp-content\/uploads\/2026\/02\/logo_autor.png","width":182,"height":173,"caption":"Henrique"},"logo":{"@id":"https:\/\/executestep.com\/wp-content\/uploads\/2026\/02\/logo_autor.png"},"sameAs":["https:\/\/executestep.com","https:\/\/www.linkedin.com\/in\/henrique-soares-da-silva\/","#"]}]}},"_links":{"self":[{"href":"https:\/\/executestep.com\/pt-br\/wp-json\/wp\/v2\/pages\/8152","targetHints":{"allow":["GET"]}}],"collection":[{"href":"https:\/\/executestep.com\/pt-br\/wp-json\/wp\/v2\/pages"}],"about":[{"href":"https:\/\/executestep.com\/pt-br\/wp-json\/wp\/v2\/types\/page"}],"author":[{"embeddable":true,"href":"https:\/\/executestep.com\/pt-br\/wp-json\/wp\/v2\/users\/1"}],"replies":[{"embeddable":true,"href":"https:\/\/executestep.com\/pt-br\/wp-json\/wp\/v2\/comments?post=8152"}],"version-history":[{"count":0,"href":"https:\/\/executestep.com\/pt-br\/wp-json\/wp\/v2\/pages\/8152\/revisions"}],"wp:attachment":[{"href":"https:\/\/executestep.com\/pt-br\/wp-json\/wp\/v2\/media?parent=8152"}],"curies":[{"name":"wp","href":"https:\/\/api.w.org\/{rel}","templated":true}]}}